{"id":555,"date":"2023-04-19T08:03:20","date_gmt":"2023-04-19T06:03:20","guid":{"rendered":"https:\/\/betfirst.sport\/landing-page-fr\/"},"modified":"2025-07-23T14:27:33","modified_gmt":"2025-07-23T12:27:33","slug":"landing-fr","status":"publish","type":"page","link":"https:\/\/betfirst.sport\/fr\/","title":{"rendered":"Landing Page"},"content":{"rendered":"\n<div class=\"wp-block-columns alignwide is-layout-flex wp-container-core-columns-is-layout-28232c24 wp-block-columns-is-layout-flex\" id=\"bf-cols\">\n<div class=\"wp-block-column is-layout-flow wp-block-column-is-layout-flow\" style=\"flex-basis:45%\">\n<div class=\"wp-block-group has-global-padding is-layout-constrained wp-block-group-is-layout-constrained\" style=\"padding-top:0;padding-bottom:0\">\n<h1 class=\"wp-block-heading\" id=\"bf-heading\" style=\"font-size:36px;line-height:1\"><strong>Scores et statistiques en direct<\/strong><\/h1>\n\n\n\n<p class=\"has-medium-font-size\">T\u00e9l\u00e9chargez notre appli pour suivre les scores en direct, o\u00f9 que vous soyez, \u00e0 tout moment.<\/p>\n\n\n\n<figure class=\"wp-block-image size-full is-resized has-custom-border block-visibility-hide-small-screen\"><img loading=\"lazy\" decoding=\"async\" width=\"1126\" height=\"1126\" src=\"https:\/\/betfirst.sport\/wp-content\/uploads\/2025\/07\/5zpsqixr_qr_code.svg\" alt=\"betFIRST.sport QR Code\" class=\"has-border-color has-custom-yellow-border-color wp-image-343\" style=\"border-width:10px;border-radius:20px;aspect-ratio:1;object-fit:cover;width:200px\"\/><\/figure>\n\n\n\n<p>L&rsquo;app betFIRST.sport de Score en Direct est votre solution ultime pour suivre les scores en direct, les statistiques d\u00e9taill\u00e9es, les calendriers et les infos sur les joueurs, disponibles pour diff\u00e9rents sports.&nbsp;<\/p>\n\n\n\n<ol style=\"margin-top:var(--wp--preset--spacing--50);margin-bottom:var(--wp--preset--spacing--70)\" class=\"wp-block-list bf-ol\">\n<li class=\"has-medium-font-size\"><strong>Lancez-vous: <\/strong><br>T\u00e9l\u00e9chargez l\u2019app sur votre App store&nbsp;<\/li>\n\n\n\n<li class=\"has-medium-font-size\"><strong>Choisissez vos ligues:<\/strong><br>Suivez vos \u00e9quipes et comp\u00e9titions favorites<\/li>\n\n\n\n<li class=\"has-medium-font-size\"><strong>Restez inform\u00e9:<\/strong><br>Acc\u00e9dez aux derni\u00e8res donn\u00e9es et suivez les matchs en direct!<\/li>\n<\/ol>\n\n\n\n<h2 class=\"wp-block-heading has-large-font-size\"><strong>Pourquoi choisir<\/strong> betFIRST.sport?<\/h2>\n\n\n\n<p>En tant que fier sponsor principal du Club Bruges, l\u2019app Live Score vous donne acc\u00e8s \u00e0 toutes les donn\u00e9es essentielles pour le football, le tennis, le basket et bien d\u2019autres sports majeurs ! Des mises \u00e0 jour rapides, fiables et pr\u00e9cises pour vous tenir inform\u00e9 \u2014 que vous regardiez en direct ou en d\u00e9placement.<\/p>\n\n\n\n<div class=\"wp-block-group has-border-color has-large-font-size has-global-padding is-layout-constrained wp-container-core-group-is-layout-f8477d5a wp-block-group-is-layout-constrained\" style=\"border-color:#ffffff4f;border-radius:10px;padding-top:var(--wp--preset--spacing--50);padding-right:var(--wp--preset--spacing--50);padding-bottom:0;padding-left:var(--wp--preset--spacing--50)\">\n<div class=\"wp-block-columns are-vertically-aligned-center is-layout-flex wp-container-core-columns-is-layout-28f84493 wp-block-columns-is-layout-flex\">\n<div class=\"wp-block-column is-vertically-aligned-center is-layout-flow wp-container-core-column-is-layout-22223934 wp-block-column-is-layout-flow\" style=\"flex-basis:60%\">\n<p class=\"has-large-font-size\" style=\"border-radius:26px;line-height:1.1\"><strong><strong>Sponsor Principal du Club Bruges<\/strong><\/strong><\/p>\n<\/div>\n\n\n\n<div class=\"wp-block-column is-vertically-aligned-center is-layout-flow wp-container-core-column-is-layout-b2a27621 wp-block-column-is-layout-flow\" style=\"border-radius:8px;padding-top:0;padding-right:0;padding-bottom:0;padding-left:0\">\n<figure class=\"wp-block-image aligncenter size-full is-resized has-custom-border is-style-rounded block-visibility-hide-small-screen\"><img loading=\"lazy\" decoding=\"async\" width=\"277\" height=\"378\" src=\"https:\/\/betfirst.sport\/wp-content\/uploads\/2025\/07\/club-brugge-logo.svg\" alt=\"Club Bruges Emblem\" class=\"wp-image-452\" style=\"border-style:none;border-width:0px;border-radius:8px;object-fit:contain;width:150px;height:150px\"\/><\/figure>\n<\/div>\n<\/div>\n\n\n\n<figure class=\"wp-block-image size-full\"><img loading=\"lazy\" decoding=\"async\" width=\"450\" height=\"280\" src=\"https:\/\/betfirst.sport\/wp-content\/uploads\/2025\/07\/betfirst-sport-club-brugge.webp\" alt=\"betFIRST.sport Club Bruges\" class=\"wp-image-451\" srcset=\"https:\/\/betfirst.sport\/wp-content\/uploads\/2025\/07\/betfirst-sport-club-brugge.webp 450w, https:\/\/betfirst.sport\/wp-content\/uploads\/2025\/07\/betfirst-sport-club-brugge-300x187.webp 300w\" sizes=\"auto, (max-width: 450px) 100vw, 450px\" \/><\/figure>\n<\/div>\n\n\n\n<h2 class=\"wp-block-heading\"><strong>Tirez le meilleur de chaque journ\u00e9e de match gr\u00e2ce aux scores en direct de betFIRST.sport<\/strong><\/h2>\n\n\n\n<div class=\"wp-block-group has-global-padding is-layout-constrained wp-container-core-group-is-layout-80f0afbe wp-block-group-is-layout-constrained\" style=\"border-left-color:#333333;border-left-style:dotted;border-left-width:3px;padding-left:var(--wp--preset--spacing--40)\">\n<h3 class=\"wp-block-heading\"><strong><strong>Scores en direct &amp; mises \u00e0 jour en temps r\u00e9el<\/strong>&nbsp;<\/strong><\/h3>\n\n\n\n<p>Suivez les matchs action par action avec les scores en direct, les commentaires, les temps forts, les statistiques, les formes des \u00e9quipes et les donn\u00e9es des face-\u00e0-face.<\/p>\n<\/div>\n\n\n\n<div class=\"wp-block-group has-global-padding is-layout-constrained wp-container-core-group-is-layout-80f0afbe wp-block-group-is-layout-constrained\" style=\"border-left-color:#333333;border-left-style:dotted;border-left-width:3px;padding-left:var(--wp--preset--spacing--40)\">\n<h3 class=\"wp-block-heading\"><strong><strong><strong>Statistiques du match &amp; compositions d\u2019\u00e9quipe<\/strong><\/strong><\/strong><\/h3>\n\n\n\n<p>Statistiques d\u00e9taill\u00e9es avant et pendant le match : possession, tirs, fautes, compositions d\u2019\u00e9quipe, et bien plus encore.<\/p>\n<\/div>\n\n\n\n<div class=\"wp-block-group has-global-padding is-layout-constrained wp-container-core-group-is-layout-80f0afbe wp-block-group-is-layout-constrained\" style=\"border-left-color:#333333;border-left-style:dotted;border-left-width:3px;padding-left:var(--wp--preset--spacing--40)\">\n<h3 class=\"wp-block-heading\"><strong><strong><strong>Meilleurs buteurs &amp; statistiques des joueurs<\/strong>&nbsp;<\/strong><\/strong><\/h3>\n\n\n\n<p>Restez inform\u00e9 des meilleurs buteurs de chaque comp\u00e9tition et d\u00e9couvrez les statistiques individuelles des joueurs.<\/p>\n<\/div>\n\n\n\n<div class=\"wp-block-group has-global-padding is-layout-constrained wp-container-core-group-is-layout-80f0afbe wp-block-group-is-layout-constrained\" style=\"border-left-color:#333333;border-left-style:dotted;border-left-width:3px;padding-left:var(--wp--preset--spacing--40)\">\n<h3 class=\"wp-block-heading\"><strong><strong>Calendrier &amp; r\u00e9sultats&nbsp;<\/strong><\/strong><\/h3>\n\n\n\n<p>Consultez en un clic les classements, les prochains matchs et les r\u00e9sultats pass\u00e9s de toutes les comp\u00e9titions.<\/p>\n<\/div>\n\n\n\n<div class=\"wp-block-group has-global-padding is-layout-constrained wp-container-core-group-is-layout-80f0afbe wp-block-group-is-layout-constrained\" style=\"border-left-color:#333333;border-left-style:dotted;border-left-width:3px;padding-left:var(--wp--preset--spacing--40)\">\n<h3 class=\"wp-block-heading\"><strong><strong><strong>Facile \u00e0 utiliser partout<\/strong><\/strong><\/strong><\/h3>\n\n\n\n<p>Rapide et facile \u00e0 utiliser \u2014 tout ce dont vous avez besoin, \u00e0 port\u00e9e de main.<\/p>\n<\/div>\n\n\n\n<div class=\"wp-block-group has-border-color has-large-font-size has-global-padding is-layout-constrained wp-container-core-group-is-layout-ea39502d wp-block-group-is-layout-constrained\" style=\"border-color:#f7df52;border-radius:10px;padding-top:var(--wp--preset--spacing--50);padding-right:var(--wp--preset--spacing--50);padding-bottom:var(--wp--preset--spacing--50);padding-left:var(--wp--preset--spacing--50)\">\n<div class=\"wp-block-columns are-vertically-aligned-center is-layout-flex wp-container-core-columns-is-layout-28f84493 wp-block-columns-is-layout-flex\">\n<div class=\"wp-block-column is-vertically-aligned-center is-layout-flow wp-container-core-column-is-layout-22223934 wp-block-column-is-layout-flow\" style=\"flex-basis:60%\">\n<p class=\"has-large-font-size\" style=\"border-radius:26px;line-height:1.1\"><strong><strong>Suivez vos favoris<\/strong><\/strong><\/p>\n\n\n\n<p style=\"font-size:16px\">Suivez facilement les matchs, \u00e9quipes et championnats que vous adorez.<\/p>\n<\/div>\n\n\n\n<div class=\"wp-block-column is-vertically-aligned-center is-layout-flow wp-container-core-column-is-layout-b2a27621 wp-block-column-is-layout-flow\" style=\"border-radius:8px;padding-top:0;padding-right:0;padding-bottom:0;padding-left:0\">\n<figure class=\"wp-block-image aligncenter size-full is-resized has-custom-border is-style-rounded block-visibility-hide-small-screen\"><img loading=\"lazy\" decoding=\"async\" width=\"1126\" height=\"1126\" src=\"https:\/\/betfirst.sport\/wp-content\/uploads\/2025\/07\/5zpsqixr_qr_code.svg\" alt=\"betFIRST.sport QR Code\" class=\"wp-image-343\" style=\"border-style:none;border-width:0px;border-radius:8px;object-fit:contain;width:150px;height:150px\"\/><\/figure>\n<\/div>\n<\/div>\n\n\n\n<div class=\"wp-block-group is-content-justification-space-between is-nowrap is-layout-flex wp-container-core-group-is-layout-8f344d2e wp-block-group-is-layout-flex block-visibility-hide-large-screen\" style=\"margin-top:var(--wp--preset--spacing--50);padding-top:0;padding-right:0;padding-bottom:0;padding-left:0\">\n<figure class=\"wp-block-image aligncenter size-full is-resized\"><a href=\"https:\/\/play.google.com\/store\/apps\/details?id=com.score.betfirst&amp;pli=1\" target=\"_blank\" rel=\" noreferrer noopener\"><img loading=\"lazy\" decoding=\"async\" width=\"120\" height=\"40\" src=\"https:\/\/betfirst.sport\/wp-content\/uploads\/2025\/07\/google-play-download-button-fr.svg\" alt=\"betFIRST.sport App Google Play Download\" class=\"wp-image-686\" style=\"object-fit:contain;width:180px;height:60px\"\/><\/a><\/figure>\n\n\n\n<figure class=\"wp-block-image aligncenter size-full is-resized\"><a href=\"https:\/\/apps.apple.com\/be\/app\/betfirst-sport-live-scores\/id1407152882?l=nl\" target=\"_blank\" rel=\" noreferrer noopener\"><img loading=\"lazy\" decoding=\"async\" width=\"120\" height=\"40\" src=\"https:\/\/betfirst.sport\/wp-content\/uploads\/2025\/07\/app-store-download-button-fr.svg\" alt=\"betFIRST.sport App Store Download\" class=\"wp-image-689\" style=\"object-fit:contain;width:180px;height:60px\"\/><\/a><\/figure>\n<\/div>\n<\/div>\n\n\n\n<p class=\"has-medium-font-size\"><strong><strong>Sports disponibles:<\/strong><\/strong><\/p>\n\n\n\n<ul class=\"wp-block-list\">\n<li>Football<\/li>\n\n\n\n<li>Tennis<\/li>\n\n\n\n<li>Basketball<\/li>\n\n\n\n<li>Volleyball<\/li>\n\n\n\n<li>Formule 1<\/li>\n\n\n\n<li>Fl\u00e9chettes<\/li>\n\n\n\n<li>Football Am\u00e9ricain<\/li>\n\n\n\n<li>Baseball<\/li>\n\n\n\n<li>Hockey sur glace<\/li>\n\n\n\n<li>Handball<\/li>\n\n\n\n<li>Tennis de Table<\/li>\n<\/ul>\n<\/div>\n<\/div>\n\n\n\n<div class=\"wp-block-column is-layout-flow wp-container-core-column-is-layout-8a368f38 wp-block-column-is-layout-flow\">\n<div class=\"wp-block-group has-global-padding is-layout-constrained wp-container-core-group-is-layout-b992430a wp-block-group-is-layout-constrained\" style=\"padding-right:var(--wp--preset--spacing--30);padding-left:0\">\n<figure class=\"wp-block-image aligncenter size-full is-resized\" style=\"margin-right:0;margin-left:0\"><img loading=\"lazy\" decoding=\"async\" width=\"445\" height=\"580\" src=\"https:\/\/betfirst.sport\/wp-content\/uploads\/2025\/07\/betfirst-sport-app-ss-fr.webp\" alt=\"betFIRST.sport App\" class=\"wp-image-700\" style=\"width:445px;height:auto\" srcset=\"https:\/\/betfirst.sport\/wp-content\/uploads\/2025\/07\/betfirst-sport-app-ss-fr.webp 445w, https:\/\/betfirst.sport\/wp-content\/uploads\/2025\/07\/betfirst-sport-app-ss-fr-230x300.webp 230w\" sizes=\"auto, (max-width: 445px) 100vw, 445px\" \/><\/figure>\n<\/div>\n\n\n\n<div class=\"wp-block-group is-horizontal is-content-justification-center is-nowrap is-layout-flex wp-container-core-group-is-layout-14407a66 wp-block-group-is-layout-flex\" style=\"margin-bottom:var(--wp--preset--spacing--60)\">\n<figure class=\"wp-block-image aligncenter size-full is-resized\"><a href=\"https:\/\/apps.apple.com\/be\/app\/betfirst-sport-live-scores\/id1407152882?l=nl\" target=\"_blank\" rel=\" noreferrer noopener\"><img loading=\"lazy\" decoding=\"async\" width=\"120\" height=\"40\" src=\"https:\/\/betfirst.sport\/wp-content\/uploads\/2025\/07\/app-store-download-button-fr.svg\" alt=\"betFIRST.sport App Store Download\" class=\"wp-image-689\" style=\"object-fit:contain;width:180px;height:60px\"\/><\/a><\/figure>\n\n\n\n<figure class=\"wp-block-image aligncenter size-full is-resized\"><a href=\"https:\/\/play.google.com\/store\/apps\/details?id=com.score.betfirst&amp;pli=1\" target=\"_blank\" rel=\" noreferrer noopener\"><img loading=\"lazy\" decoding=\"async\" width=\"120\" height=\"40\" src=\"https:\/\/betfirst.sport\/wp-content\/uploads\/2025\/07\/google-play-download-button-fr.svg\" alt=\"betFIRST.sport App Google Play Download\" class=\"wp-image-686\" style=\"object-fit:contain;width:180px;height:60px\"\/><\/a><\/figure>\n<\/div>\n<\/div>\n<\/div>\n","protected":false},"excerpt":{"rendered":"<p>Scores et statistiques en direct T\u00e9l\u00e9chargez notre appli pour suivre les scores en direct, o\u00f9 que vous soyez, \u00e0 tout moment. L&rsquo;app betFIRST.sport de Score en Direct est votre solution ultime pour suivre les scores en direct, les statistiques d\u00e9taill\u00e9es, les calendriers et les infos sur les joueurs, disponibles pour diff\u00e9rents sports.&nbsp; Pourquoi choisir betFIRST.sport? [&hellip;]<\/p>\n","protected":false},"author":5,"featured_media":0,"parent":0,"menu_order":0,"comment_status":"closed","ping_status":"closed","template":"","meta":{"footnotes":""},"class_list":["post-555","page","type-page","status-publish","hentry"],"_links":{"self":[{"href":"https:\/\/betfirst.sport\/fr\/wp-json\/wp\/v2\/pages\/555","targetHints":{"allow":["GET"]}}],"collection":[{"href":"https:\/\/betfirst.sport\/fr\/wp-json\/wp\/v2\/pages"}],"about":[{"href":"https:\/\/betfirst.sport\/fr\/wp-json\/wp\/v2\/types\/page"}],"author":[{"embeddable":true,"href":"https:\/\/betfirst.sport\/fr\/wp-json\/wp\/v2\/users\/5"}],"replies":[{"embeddable":true,"href":"https:\/\/betfirst.sport\/fr\/wp-json\/wp\/v2\/comments?post=555"}],"version-history":[{"count":43,"href":"https:\/\/betfirst.sport\/fr\/wp-json\/wp\/v2\/pages\/555\/revisions"}],"predecessor-version":[{"id":1069,"href":"https:\/\/betfirst.sport\/fr\/wp-json\/wp\/v2\/pages\/555\/revisions\/1069"}],"wp:attachment":[{"href":"https:\/\/betfirst.sport\/fr\/wp-json\/wp\/v2\/media?parent=555"}],"curies":[{"name":"wp","href":"https:\/\/api.w.org\/{rel}","templated":true}]}}