{"id":912,"date":"2023-04-19T08:03:20","date_gmt":"2023-04-19T06:03:20","guid":{"rendered":"https:\/\/betfirst.sport\/privacy-policy\/"},"modified":"2025-07-23T14:28:37","modified_gmt":"2025-07-23T12:28:37","slug":"privacybeleid","status":"publish","type":"page","link":"https:\/\/betfirst.sport\/fr\/privacybeleid\/","title":{"rendered":"Politique de confidentialit\u00e9"},"content":{"rendered":"\n<div class=\"wp-block-group alignwide has-global-padding is-content-justification-left is-layout-constrained wp-container-core-group-is-layout-12dd3699 wp-block-group-is-layout-constrained\">\n<h1 class=\"wp-block-heading\">Politique de confidentialit\u00e9<\/h1>\n\n\n\n<p><strong>betFIRST.sport &#8211; Live Score<\/strong> &#8211; Nous nous engageons \u00e0 prot\u00e9ger votre vie priv\u00e9e. Cette politique de confidentialit\u00e9 explique comment nous traitons les informations relatives \u00e0 notre application Android qui fournit les scores des matchs sportifs en direct.<\/p>\n\n\n\n<h2 class=\"wp-block-heading\"><strong>1. Aucune collecte de donn\u00e9es personnelles<\/strong><\/h2>\n\n\n\n<p>Nous ne collectons, ne stockons ni ne partageons aucune information personnelle ni donn\u00e9e utilisateur identifiable via notre application. Vous pouvez utiliser notre application sans fournir d\u2019informations personnelles telles que votre nom, votre adresse e-mail, votre num\u00e9ro de t\u00e9l\u00e9phone ou votre localisation.<\/p>\n\n\n\n<h2 class=\"wp-block-heading\"><strong>2. Aucun compte utilisateur ni connexion<\/strong><\/h2>\n\n\n\n<p>Notre application ne n\u00e9cessite pas de cr\u00e9ation de compte ni de connexion \u00e0 un compte. Tous les utilisateurs peuvent acc\u00e9der aux scores en direct sans inscription ni communication d\u2019informations.<\/p>\n\n\n\n<h2 class=\"wp-block-heading\"><strong>3. <strong>Cookies \/ Suivi<\/strong><\/strong><\/h2>\n\n\n\n<p>Nous utilisons des cookies et des technologies similaires sur notre site Web. Pour en savoir plus, consultez notre <a href=\"https:\/\/betfirst.sport\/fr\/cookie-policy\/\" data-type=\"page\" data-id=\"992\">Politique en mati\u00e8re de cookies<\/a>.<\/p>\n\n\n\n<h2 class=\"wp-block-heading\"><strong>4. Contenu tiers<\/strong><\/h2>\n\n\n\n<p>Notre application peut afficher des donn\u00e9es sportives en direct provenant de sources ou de services externes. Ces services peuvent avoir leurs propres pratiques de confidentialit\u00e9. Cependant, nous ne partageons aucune donn\u00e9e utilisateur avec eux, car aucune n\u2019est collect\u00e9e.<\/p>\n\n\n\n<h2 class=\"wp-block-heading\"><strong>5. Confidentialit\u00e9 des enfants<\/strong><\/h2>\n\n\n\n<p>Comme nous ne collectons aucune donn\u00e9e, notre application est s\u00e9curis\u00e9e pour les utilisateurs de tous \u00e2ges, y compris les enfants de moins de 13 ans.<\/p>\n\n\n\n<h2 class=\"wp-block-heading\"><strong>6. Modifications de cette politique<\/strong><\/h2>\n\n\n\n<p>Nous pouvons \u00eatre amen\u00e9s \u00e0 mettre \u00e0 jour cette politique de confidentialit\u00e9 de temps \u00e0 autre. Toute modification sera refl\u00e9t\u00e9e ici.<\/p>\n\n\n\n<p>La pr\u00e9sente Politique de confidentialit\u00e9 a \u00e9t\u00e9 mise \u00e0 jour pour la derni\u00e8re fois le 22 juillet 2025.<\/p>\n\n\n\n<h2 class=\"wp-block-heading\"><strong>7. <\/strong>Contact<\/h2>\n\n\n\n<p>Si vous avez des questions concernant la pr\u00e9sente Politique de confidentialit\u00e9, vous pouvez nous contacter \u00e0 l&rsquo;adresse&nbsp;<a href=\"mailto:dpo@betfirstgroup.com\">dpo@betfirstgroup.com<\/a>.<br><\/p>\n<\/div>\n","protected":false},"excerpt":{"rendered":"<p>Politique de confidentialit\u00e9 betFIRST.sport &#8211; Live Score &#8211; Nous nous engageons \u00e0 prot\u00e9ger votre vie priv\u00e9e. Cette politique de confidentialit\u00e9 explique comment nous traitons les informations relatives \u00e0 notre application Android qui fournit les scores des matchs sportifs en direct. 1. Aucune collecte de donn\u00e9es personnelles Nous ne collectons, ne stockons ni ne partageons aucune [&hellip;]<\/p>\n","protected":false},"author":5,"featured_media":0,"parent":0,"menu_order":0,"comment_status":"closed","ping_status":"closed","template":"","meta":{"footnotes":""},"class_list":["post-912","page","type-page","status-publish","hentry"],"_links":{"self":[{"href":"https:\/\/betfirst.sport\/fr\/wp-json\/wp\/v2\/pages\/912","targetHints":{"allow":["GET"]}}],"collection":[{"href":"https:\/\/betfirst.sport\/fr\/wp-json\/wp\/v2\/pages"}],"about":[{"href":"https:\/\/betfirst.sport\/fr\/wp-json\/wp\/v2\/types\/page"}],"author":[{"embeddable":true,"href":"https:\/\/betfirst.sport\/fr\/wp-json\/wp\/v2\/users\/5"}],"replies":[{"embeddable":true,"href":"https:\/\/betfirst.sport\/fr\/wp-json\/wp\/v2\/comments?post=912"}],"version-history":[{"count":11,"href":"https:\/\/betfirst.sport\/fr\/wp-json\/wp\/v2\/pages\/912\/revisions"}],"predecessor-version":[{"id":1071,"href":"https:\/\/betfirst.sport\/fr\/wp-json\/wp\/v2\/pages\/912\/revisions\/1071"}],"wp:attachment":[{"href":"https:\/\/betfirst.sport\/fr\/wp-json\/wp\/v2\/media?parent=912"}],"curies":[{"name":"wp","href":"https:\/\/api.w.org\/{rel}","templated":true}]}}