{"id":952,"date":"2025-07-21T17:43:27","date_gmt":"2025-07-21T15:43:27","guid":{"rendered":"https:\/\/betfirst.sport\/terms-and-conditions\/"},"modified":"2025-07-23T14:25:54","modified_gmt":"2025-07-23T12:25:54","slug":"conditions-generales","status":"publish","type":"page","link":"https:\/\/betfirst.sport\/fr\/conditions-generales\/","title":{"rendered":"Conditions G\u00e9n\u00e9rales"},"content":{"rendered":"\n<div class=\"wp-block-group alignwide has-global-padding is-content-justification-left is-layout-constrained wp-container-core-group-is-layout-12dd3699 wp-block-group-is-layout-constrained\">\n<h1 class=\"wp-block-heading\"><strong><strong>Conditions G\u00e9n\u00e9rales<\/strong><\/strong><\/h1>\n\n\n\n<p class=\"has-cyan-bluish-gray-color has-text-color has-link-color wp-elements-dc16912691033b38dd322b989837ade8\"><em>Version 2 &#8211; Update 21-07-2025<\/em><\/p>\n\n\n\n<p>Veuillez lire attentivement les pr\u00e9sentes Conditions g\u00e9n\u00e9rales (ci-apr\u00e8s les les \u00abConditions G\u00e9n\u00e9rales\u00bb) avant d\u2019utiliser l\u2019application mobile de r\u00e9sultats en direct de betFIRST.sport (l\u2019&nbsp;\u00ab Application&nbsp;\u00bb). En utilisant ou en acc\u00e9dant \u00e0 l\u2019application, vous acceptez d\u2019\u00eatre li\u00e9 par les pr\u00e9sentes Conditions G\u00e9n\u00e9rales. Si vous n\u2019acceptez pas les Conditions G\u00e9n\u00e9rales, veuillez ne pas utiliser l\u2019Application.<\/p>\n\n\n\n<h2 class=\"wp-block-heading\"><strong>1. Utilisation de l\u2019<\/strong>A<strong>pplication<\/strong><\/h2>\n\n\n\n<p>L\u2019Application fournit des r\u00e9sultats sportifs en direct, uniquement \u00e0 titre informatif.<\/p>\n\n\n\n<p>&nbsp;L\u2019Application est destin\u00e9e \u00e0 un usage personnel et non \u00e0 des fins commerciales.<\/p>\n\n\n\n<p>&nbsp;Vous ne devez pas utiliser l\u2019Application d\u2019une mani\u00e8re qui cause (i) des dommages ni \u00e0 autrui ni \u00e0 l\u2019Application, (ii) des perturbations ou (iii) qui alt\u00e8re ses performances ou son accessibilit\u00e9.<\/p>\n\n\n\n<h2 class=\"wp-block-heading\">2. Contenu et Exactitude<\/h2>\n\n\n\n<p>Nous nous effor\u00e7ons de fournir des r\u00e9sultats en direct \u00e0 jour et pr\u00e9cis, mais nous ne garantissons pas leur exactitude, leur exhaustivit\u00e9 ou l\u2019actualit\u00e9 des informations.<\/p>\n\n\n\n<p>Les r\u00e9sultats et les donn\u00e9es peuvent provenir de services tiers et nous ne sommes pas responsables des \u00e9ventuelles divergences ou retards.<\/p>\n\n\n\n<h2 class=\"wp-block-heading\">3. Propri\u00e9t\u00e9 intellectuelle<\/h2>\n\n\n\n<p>L\u2019ensemble du contenu, de la conception, des logos et des marques d\u00e9pos\u00e9es de l\u2019Application appartiennent \u00e0 leurs propri\u00e9taires respectifs.<\/p>\n\n\n\n<p>Vous ne pouvez pas reproduire, distribuer ou modifier le contenu de l\u2019Application sans l\u2019autorisation \u00e9crite pr\u00e9alable du propri\u00e9taire l\u00e9gitime.<\/p>\n\n\n\n<h2 class=\"wp-block-heading\">4. Limite de Responsabilit\u00e9<\/h2>\n\n\n\n<p>&nbsp;L\u2019application est fournie \u00aben l\u2019\u00e9tat\u00bb, sans garantie d\u2019aucune sorte.<\/p>\n\n\n\n<p>Nous ne serons pas responsables des dommages directs ou indirects r\u00e9sultant de l\u2019utilisation ou de l\u2019impossibilit\u00e9 d\u2019utiliser l\u2019Application, en ce compris de la confiance accord\u00e9e aux informations fournies par l\u2019Application.<\/p>\n\n\n\n<h2 class=\"wp-block-heading\">5. R\u00e9siliation<\/h2>\n\n\n\n<p>Nous nous r\u00e9servons le droit de suspendre ou de r\u00e9silier l\u2019acc\u00e8s \u00e0 l\u2019Application \u00e0 tout moment, sans pr\u00e9avis ni responsabilit\u00e9, pour quelque raison que ce soit, y compris en cas de violation des pr\u00e9sentes Conditions G\u00e9n\u00e9rales.<\/p>\n\n\n\n<h2 class=\"wp-block-heading\">6. Modifications des pr\u00e9sentes Conditions G\u00e9n\u00e9rales <\/h2>\n\n\n\n<p>Nous pouvons mettre \u00e0 jour les pr\u00e9sentes Conditions G\u00e9n\u00e9rales de temps \u00e0 autre. Toute modification entrera en vigueur imm\u00e9diatement apr\u00e8s sa publication. L\u2019utilisation continue de l\u2019Application apr\u00e8s leur modification implique l\u2019Acceptation des nouvelles Conditions G\u00e9n\u00e9rales.<\/p>\n<\/div>\n","protected":false},"excerpt":{"rendered":"<p>Conditions G\u00e9n\u00e9rales Version 2 &#8211; Update 21-07-2025 Veuillez lire attentivement les pr\u00e9sentes Conditions g\u00e9n\u00e9rales (ci-apr\u00e8s les les \u00abConditions G\u00e9n\u00e9rales\u00bb) avant d\u2019utiliser l\u2019application mobile de r\u00e9sultats en direct de betFIRST.sport (l\u2019&nbsp;\u00ab Application&nbsp;\u00bb). En utilisant ou en acc\u00e9dant \u00e0 l\u2019application, vous acceptez d\u2019\u00eatre li\u00e9 par les pr\u00e9sentes Conditions G\u00e9n\u00e9rales. Si vous n\u2019acceptez pas les Conditions G\u00e9n\u00e9rales, veuillez [&hellip;]<\/p>\n","protected":false},"author":7,"featured_media":0,"parent":0,"menu_order":0,"comment_status":"closed","ping_status":"closed","template":"","meta":{"footnotes":""},"class_list":["post-952","page","type-page","status-publish","hentry"],"_links":{"self":[{"href":"https:\/\/betfirst.sport\/fr\/wp-json\/wp\/v2\/pages\/952","targetHints":{"allow":["GET"]}}],"collection":[{"href":"https:\/\/betfirst.sport\/fr\/wp-json\/wp\/v2\/pages"}],"about":[{"href":"https:\/\/betfirst.sport\/fr\/wp-json\/wp\/v2\/types\/page"}],"author":[{"embeddable":true,"href":"https:\/\/betfirst.sport\/fr\/wp-json\/wp\/v2\/users\/7"}],"replies":[{"embeddable":true,"href":"https:\/\/betfirst.sport\/fr\/wp-json\/wp\/v2\/comments?post=952"}],"version-history":[{"count":5,"href":"https:\/\/betfirst.sport\/fr\/wp-json\/wp\/v2\/pages\/952\/revisions"}],"predecessor-version":[{"id":1066,"href":"https:\/\/betfirst.sport\/fr\/wp-json\/wp\/v2\/pages\/952\/revisions\/1066"}],"wp:attachment":[{"href":"https:\/\/betfirst.sport\/fr\/wp-json\/wp\/v2\/media?parent=952"}],"curies":[{"name":"wp","href":"https:\/\/api.w.org\/{rel}","templated":true}]}}